{"id":3065,"date":"2021-02-19T03:19:16","date_gmt":"2021-02-19T03:19:16","guid":{"rendered":"http:\/\/demo.ovathemes.com\/asting\/?page_id=3065"},"modified":"2021-10-11T17:51:06","modified_gmt":"2021-10-11T17:51:06","slug":"quienessomos","status":"publish","type":"page","link":"https:\/\/fundacionmanosquesuman.org\/web\/quienessomos\/","title":{"rendered":"Qui\u00e9nes Somos"},"content":{"rendered":"\t\t<div data-elementor-type=\"wp-page\" data-elementor-id=\"3065\" class=\"elementor elementor-3065\">\n\t\t\t\t\t\t\t\t\t<section class=\"elementor-section elementor-top-section elementor-element elementor-element-690887e elementor-section-boxed elementor-section-height-default elementor-section-height-default\" data-id=\"690887e\" data-element_type=\"section\">\n\t\t\t\t\t\t<div class=\"elementor-container elementor-column-gap-default\">\n\t\t\t\t\t<div class=\"elementor-column elementor-col-50 elementor-top-column elementor-element elementor-element-6699a04\" data-id=\"6699a04\" data-element_type=\"column\">\n\t\t\t<div class=\"elementor-widget-wrap elementor-element-populated\">\n\t\t\t\t\t\t\t\t<div class=\"elementor-element elementor-element-fc6529e elementor-widget elementor-widget-ova_heading\" data-id=\"fc6529e\" data-element_type=\"widget\" data-widget_type=\"ova_heading.default\">\n\t\t\t\t<div class=\"elementor-widget-container\">\n\t\t\t\t\t<div class=\"ova-heading\">\n\n\t\t\t\t\t\t\t<h4 class=\"sub_title thrid_font\">Nuestra Misi\u00f3n<\/h4>\n\t\t\t\t\t\t\n\t\t\t\n\t\t\t\t\t\t\t<p class=\"desc\">Promover condiciones para la formaci\u00f3n integral de ni\u00f1os y j\u00f3venes, especialmente de aquellos que se encuentran en circunstancias de desventaja, para que desarrollen su potencial e impacten las comunidades que habitan.  <\/p>\n\t\t\t\n\t\t<\/div>\n\t\t\t\t<\/div>\n\t\t\t\t<\/div>\n\t\t\t\t<section class=\"elementor-section elementor-inner-section elementor-element elementor-element-79db533 elementor-section-boxed elementor-section-height-default elementor-section-height-default\" data-id=\"79db533\" data-element_type=\"section\">\n\t\t\t\t\t\t<div class=\"elementor-container elementor-column-gap-default\">\n\t\t\t\t\t<div class=\"elementor-column elementor-col-50 elementor-inner-column elementor-element elementor-element-18664ca\" data-id=\"18664ca\" data-element_type=\"column\">\n\t\t\t<div class=\"elementor-widget-wrap elementor-element-populated\">\n\t\t\t\t\t\t\t\t<div class=\"elementor-element elementor-element-cb10fef elementor-widget__width-auto elementor-widget elementor-widget-image\" data-id=\"cb10fef\" data-element_type=\"widget\" data-widget_type=\"image.default\">\n\t\t\t\t<div class=\"elementor-widget-container\">\n\t\t\t<style>\/*! elementor - v3.12.2 - 23-04-2023 *\/\n.elementor-widget-image{text-align:center}.elementor-widget-image a{display:inline-block}.elementor-widget-image a img[src$=\".svg\"]{width:48px}.elementor-widget-image img{vertical-align:middle;display:inline-block}<\/style>\t\t\t\t\t\t\t\t\t\t\t\t<img decoding=\"async\" width=\"225\" height=\"300\" src=\"https:\/\/fundacionmanosquesuman.org\/web\/wp-content\/uploads\/2021\/02\/21192053_10155290718201281_4622413887847021426_n-225x300.jpg\" class=\"attachment-medium size-medium wp-image-4644\" alt=\"\" loading=\"lazy\" srcset=\"https:\/\/fundacionmanosquesuman.org\/web\/wp-content\/uploads\/2021\/02\/21192053_10155290718201281_4622413887847021426_n-225x300.jpg 225w, https:\/\/fundacionmanosquesuman.org\/web\/wp-content\/uploads\/2021\/02\/21192053_10155290718201281_4622413887847021426_n-600x800.jpg 600w, https:\/\/fundacionmanosquesuman.org\/web\/wp-content\/uploads\/2021\/02\/21192053_10155290718201281_4622413887847021426_n.jpg 720w\" sizes=\"(max-width: 225px) 100vw, 225px\" \/>\t\t\t\t\t\t\t\t\t\t\t\t\t\t\t<\/div>\n\t\t\t\t<\/div>\n\t\t\t\t\t<\/div>\n\t\t<\/div>\n\t\t\t\t<div class=\"elementor-column elementor-col-50 elementor-inner-column elementor-element elementor-element-e5485d0\" data-id=\"e5485d0\" data-element_type=\"column\">\n\t\t\t<div class=\"elementor-widget-wrap elementor-element-populated\">\n\t\t\t\t\t\t\t\t<div class=\"elementor-element elementor-element-22d762a elementor-widget__width-auto elementor-widget elementor-widget-image\" data-id=\"22d762a\" data-element_type=\"widget\" data-widget_type=\"image.default\">\n\t\t\t\t<div class=\"elementor-widget-container\">\n\t\t\t\t\t\t\t\t\t\t\t\t\t\t\t<img decoding=\"async\" width=\"224\" height=\"300\" src=\"https:\/\/fundacionmanosquesuman.org\/web\/wp-content\/uploads\/2021\/02\/21151213_10155290718626281_8025520395290417619_n-224x300.jpg\" class=\"attachment-medium size-medium wp-image-4643\" alt=\"\" loading=\"lazy\" srcset=\"https:\/\/fundacionmanosquesuman.org\/web\/wp-content\/uploads\/2021\/02\/21151213_10155290718626281_8025520395290417619_n-224x300.jpg 224w, https:\/\/fundacionmanosquesuman.org\/web\/wp-content\/uploads\/2021\/02\/21151213_10155290718626281_8025520395290417619_n-600x803.jpg 600w, https:\/\/fundacionmanosquesuman.org\/web\/wp-content\/uploads\/2021\/02\/21151213_10155290718626281_8025520395290417619_n.jpg 717w\" sizes=\"(max-width: 224px) 100vw, 224px\" \/>\t\t\t\t\t\t\t\t\t\t\t\t\t\t\t<\/div>\n\t\t\t\t<\/div>\n\t\t\t\t\t<\/div>\n\t\t<\/div>\n\t\t\t\t\t\t\t<\/div>\n\t\t<\/section>\n\t\t\t\t\t<\/div>\n\t\t<\/div>\n\t\t\t\t<div class=\"elementor-column elementor-col-50 elementor-top-column elementor-element elementor-element-7b5a25d\" data-id=\"7b5a25d\" data-element_type=\"column\">\n\t\t\t<div class=\"elementor-widget-wrap elementor-element-populated\">\n\t\t\t\t\t\t\t\t<div class=\"elementor-element elementor-element-565933e elementor-widget elementor-widget-ova_heading\" data-id=\"565933e\" data-element_type=\"widget\" data-widget_type=\"ova_heading.default\">\n\t\t\t\t<div class=\"elementor-widget-container\">\n\t\t\t\t\t<div class=\"ova-heading\">\n\n\t\t\t\t\t\t\t<h4 class=\"sub_title thrid_font\">Nuestra Historia<\/h4>\n\t\t\t\t\t\t\n\t\t\t\n\t\t\t\t\t\t\t<p class=\"desc\">En el a\u00f1o 2005, un grupo de j\u00f3venes Sonorenses inician un proyecto con el fin de apoyar con diversas actividades a ni\u00f1os y j\u00f3venes del Sur del Estado de Sonora; la presencia y alcance de nuestros programas han crecido desde una primera edici\u00f3n en la que se lograron apoyar 42 ni\u00f1os (en una sola comunidad) a 16 a\u00f1os despu\u00e9s, donde se ha logrado impactar m\u00e1s de 2538 ni\u00f1os anualmente (en alrededor de 10 comunidades). \n<br \/><br \/>\nPero esta historia no hubiera sido posible sin la suma de voluntades de alrededor de 100 voluntarios y m\u00e1s de 30 empresas de la regi\u00f3n, quienes son el vinculo con cada uno de sus empleados para la difusi\u00f3n de las campa\u00f1as sociales a sus familias, logrando as\u00ed un compromiso por transformar el futuro de nuestros ni\u00f1os y j\u00f3venes.\n<\/p>\n\t\t\t\n\t\t<\/div>\n\t\t\t\t<\/div>\n\t\t\t\t<\/div>\n\t\t\t\t\t<\/div>\n\t\t<\/div>\n\t\t\t\t\t\t\t<\/div>\n\t\t<\/section>\n\t\t\t\t<section class=\"elementor-section elementor-top-section elementor-element elementor-element-64092f0 elementor-section-boxed elementor-section-height-default elementor-section-height-default\" data-id=\"64092f0\" data-element_type=\"section\">\n\t\t\t\t\t\t<div class=\"elementor-container elementor-column-gap-default\">\n\t\t\t\t\t<div class=\"elementor-column elementor-col-100 elementor-top-column elementor-element elementor-element-cf84d9d\" data-id=\"cf84d9d\" data-element_type=\"column\">\n\t\t\t<div class=\"elementor-widget-wrap elementor-element-populated\">\n\t\t\t\t\t\t\t\t<div class=\"elementor-element elementor-element-4fc0d87 elementor-widget elementor-widget-video\" data-id=\"4fc0d87\" data-element_type=\"widget\" data-settings=\"{&quot;video_type&quot;:&quot;hosted&quot;,&quot;controls&quot;:&quot;yes&quot;}\" data-widget_type=\"video.default\">\n\t\t\t\t<div class=\"elementor-widget-container\">\n\t\t\t<style>\/*! elementor - v3.12.2 - 23-04-2023 *\/\n.elementor-widget-video .elementor-widget-container{overflow:hidden;transform:translateZ(0)}.elementor-widget-video .elementor-wrapper iframe,.elementor-widget-video .elementor-wrapper video{height:100%;width:100%;display:flex;border:none;background-color:#000}.elementor-widget-video .elementor-open-inline .elementor-custom-embed-image-overlay{position:absolute;top:0;left:0;width:100%;height:100%;background-size:cover;background-position:50%}.elementor-widget-video .elementor-custom-embed-image-overlay{cursor:pointer;text-align:center}.elementor-widget-video .elementor-custom-embed-image-overlay:hover .elementor-custom-embed-play i{opacity:1}.elementor-widget-video .elementor-custom-embed-image-overlay img{display:block;width:100%}.elementor-widget-video .e-hosted-video .elementor-video{-o-object-fit:cover;object-fit:cover}.e-con-inner>.elementor-widget-video,.e-con>.elementor-widget-video{width:var(--container-widget-width);--flex-grow:var(--container-widget-flex-grow)}<\/style>\t\t<div class=\"e-hosted-video elementor-wrapper elementor-open-inline\">\n\t\t\t\t\t<video class=\"elementor-video\" src=\"https:\/\/fundacionmanosquesuman.org\/web\/wp-content\/uploads\/2021\/02\/Apadrina-a-un-nino-md.mp4\" controls=\"\" preload=\"metadata\" controlsList=\"nodownload\"><\/video>\n\t\t\t\t<\/div>\n\t\t\t\t<\/div>\n\t\t\t\t<\/div>\n\t\t\t\t\t<\/div>\n\t\t<\/div>\n\t\t\t\t\t\t\t<\/div>\n\t\t<\/section>\n\t\t\t\t<section class=\"elementor-section elementor-top-section elementor-element elementor-element-c7c3bbf elementor-section-boxed elementor-section-height-default elementor-section-height-default\" data-id=\"c7c3bbf\" data-element_type=\"section\" data-settings=\"{&quot;background_background&quot;:&quot;classic&quot;}\">\n\t\t\t\t\t\t<div class=\"elementor-container elementor-column-gap-default\">\n\t\t\t\t\t<div class=\"elementor-column elementor-col-50 elementor-top-column elementor-element elementor-element-01e47ca\" data-id=\"01e47ca\" data-element_type=\"column\">\n\t\t\t<div class=\"elementor-widget-wrap elementor-element-populated\">\n\t\t\t\t\t\t\t\t<div class=\"elementor-element elementor-element-1a1297b elementor-widget elementor-widget-ova_heading\" data-id=\"1a1297b\" data-element_type=\"widget\" data-widget_type=\"ova_heading.default\">\n\t\t\t\t<div class=\"elementor-widget-container\">\n\t\t\t\t\t<div class=\"ova-heading\">\n\n\t\t\t\t\t\t\t<h4 class=\"sub_title thrid_font\">Ayudando<\/h4>\n\t\t\t\t\t\t\n\t\t\t\t\t\t\t<h2 class=\"title second_font\">Puede ayudarnos a cambiar la vida de una persona a trav\u00e9s de la donaci\u00f3n<\/h2>\n\t\t\t\n\t\t\t\n\t\t<\/div>\n\t\t\t\t<\/div>\n\t\t\t\t<\/div>\n\t\t\t\t<div class=\"elementor-element elementor-element-825e673 elementor-widget elementor-widget-ova_list_icon\" data-id=\"825e673\" data-element_type=\"widget\" data-widget_type=\"ova_list_icon.default\">\n\t\t\t\t<div class=\"elementor-widget-container\">\n\t\t\t\t\t\n\t\t\t\t\t<div class=\"ova-list-icon\" >\n\t\t\t\t\t\t\t\t\t<ul class=\"v2\">\n\t\t\t\t\t\t\t\t\t\t\t\t\t<li class=\"elementor-repeater-item-71e7b21\">\n\t\t\t\t\t\t\t\t<div class=\"icon-box\">\n\t\t\t\t\t\t\t\t\t<span class=\"icon-vegetable\"><\/span>\n\t\t\t\t\t\t\t\t<\/div>\n\t\t\t\t\t\t\t\t<div class=\"text\">\n\t\t\t\t\t\t\t\t\t<p>Comida<\/p>\n\t\t\t\t\t\t\t\t<\/div>\n\t\t\t\t\t\t\t<\/li>\n\t\t\t\t\t\t\t\t\t\t\t\t\t<li class=\"elementor-repeater-item-c6060ac\">\n\t\t\t\t\t\t\t\t<div class=\"icon-box\">\n\t\t\t\t\t\t\t\t\t<span class=\"icon-water-1\"><\/span>\n\t\t\t\t\t\t\t\t<\/div>\n\t\t\t\t\t\t\t\t<div class=\"text\">\n\t\t\t\t\t\t\t\t\t<p>Agua<\/p>\n\t\t\t\t\t\t\t\t<\/div>\n\t\t\t\t\t\t\t<\/li>\n\t\t\t\t\t\t\t\t\t\t\t\t\t<li class=\"elementor-repeater-item-15e4ff4\">\n\t\t\t\t\t\t\t\t<div class=\"icon-box\">\n\t\t\t\t\t\t\t\t\t<span class=\"icon-stethoscope\"><\/span>\n\t\t\t\t\t\t\t\t<\/div>\n\t\t\t\t\t\t\t\t<div class=\"text\">\n\t\t\t\t\t\t\t\t\t<p>M\u00e9dico<\/p>\n\t\t\t\t\t\t\t\t<\/div>\n\t\t\t\t\t\t\t<\/li>\n\t\t\t\t\t\t\t\t\t\t\t<\/ul>\n\t\t\t\t\t\t\t<\/div>\n\t\t\t\t<\/div>\n\t\t\t\t<\/div>\n\t\t\t\t\t<\/div>\n\t\t<\/div>\n\t\t\t\t<div class=\"elementor-column elementor-col-50 elementor-top-column elementor-element elementor-element-0103e13\" data-id=\"0103e13\" data-element_type=\"column\">\n\t\t\t<div class=\"elementor-widget-wrap elementor-element-populated\">\n\t\t\t\t\t\t\t\t<div class=\"elementor-element elementor-element-9976cc3 elementor-widget elementor-widget-ova_icon_text\" data-id=\"9976cc3\" data-element_type=\"widget\" data-widget_type=\"ova_icon_text.default\">\n\t\t\t\t<div class=\"elementor-widget-container\">\n\t\t\t\n\t\t\t\t\t<div class=\"ova-icon-text\">\n\t\t\t\t<div class=\"text-box\">\n\t\t\t\t\t<p class=\"thrid_font\">Una Educauci\u00f3n para ni\u00f1os<\/p>\n\t\t\t\t<\/div>\n\t\t\t\t<div class=\"icon-box\">\n\t\t\t\t\t<span class=\"icon-graduated\"><\/span>\n\t\t\t\t<\/div>\n\t\t\t<\/div>\n\t\t\t\t<\/div>\n\t\t\t\t<\/div>\n\t\t\t\t\t<\/div>\n\t\t<\/div>\n\t\t\t\t\t\t\t<\/div>\n\t\t<\/section>\n\t\t\t\t<section class=\"elementor-section elementor-top-section elementor-element elementor-element-5ea7cfe elementor-section-boxed elementor-section-height-default elementor-section-height-default\" data-id=\"5ea7cfe\" data-element_type=\"section\">\n\t\t\t\t\t\t<div class=\"elementor-container elementor-column-gap-default\">\n\t\t\t\t\t<div class=\"elementor-column elementor-col-100 elementor-top-column elementor-element elementor-element-89ab043\" data-id=\"89ab043\" data-element_type=\"column\">\n\t\t\t<div class=\"elementor-widget-wrap elementor-element-populated\">\n\t\t\t\t\t\t\t\t<div class=\"elementor-element elementor-element-6357296 elementor-widget elementor-widget-spacer\" data-id=\"6357296\" data-element_type=\"widget\" data-widget_type=\"spacer.default\">\n\t\t\t\t<div class=\"elementor-widget-container\">\n\t\t\t<style>\/*! elementor - v3.12.2 - 23-04-2023 *\/\n.elementor-column .elementor-spacer-inner{height:var(--spacer-size)}.e-con{--container-widget-width:100%}.e-con-inner>.elementor-widget-spacer,.e-con>.elementor-widget-spacer{width:var(--container-widget-width,var(--spacer-size));--align-self:var(--container-widget-align-self,initial);--flex-shrink:0}.e-con-inner>.elementor-widget-spacer>.elementor-widget-container,.e-con-inner>.elementor-widget-spacer>.elementor-widget-container>.elementor-spacer,.e-con>.elementor-widget-spacer>.elementor-widget-container,.e-con>.elementor-widget-spacer>.elementor-widget-container>.elementor-spacer{height:100%}.e-con-inner>.elementor-widget-spacer>.elementor-widget-container>.elementor-spacer>.elementor-spacer-inner,.e-con>.elementor-widget-spacer>.elementor-widget-container>.elementor-spacer>.elementor-spacer-inner{height:var(--container-widget-height,var(--spacer-size))}<\/style>\t\t<div class=\"elementor-spacer\">\n\t\t\t<div class=\"elementor-spacer-inner\"><\/div>\n\t\t<\/div>\n\t\t\t\t<\/div>\n\t\t\t\t<\/div>\n\t\t\t\t\t<\/div>\n\t\t<\/div>\n\t\t\t\t\t\t\t<\/div>\n\t\t<\/section>\n\t\t\t\t\t\t\t<\/div>\n\t\t","protected":false},"excerpt":{"rendered":"<p>Nuestra Misi\u00f3n Promover condiciones para la formaci\u00f3n integral de ni\u00f1os y j\u00f3venes, especialmente de aquellos que se encuentran en circunstancias de desventaja, para que desarrollen su potencial e impacten las comunidades que habitan. Nuestra Historia En el a\u00f1o 2005, un grupo de j\u00f3venes Sonorenses inician un proyecto con el fin de apoyar con diversas actividades [&hellip;]<\/p>\n","protected":false},"author":1,"featured_media":0,"parent":0,"menu_order":0,"comment_status":"closed","ping_status":"closed","template":"elementor_header_footer","meta":[],"_links":{"self":[{"href":"https:\/\/fundacionmanosquesuman.org\/web\/wp-json\/wp\/v2\/pages\/3065"}],"collection":[{"href":"https:\/\/fundacionmanosquesuman.org\/web\/wp-json\/wp\/v2\/pages"}],"about":[{"href":"https:\/\/fundacionmanosquesuman.org\/web\/wp-json\/wp\/v2\/types\/page"}],"author":[{"embeddable":true,"href":"https:\/\/fundacionmanosquesuman.org\/web\/wp-json\/wp\/v2\/users\/1"}],"replies":[{"embeddable":true,"href":"https:\/\/fundacionmanosquesuman.org\/web\/wp-json\/wp\/v2\/comments?post=3065"}],"version-history":[{"count":54,"href":"https:\/\/fundacionmanosquesuman.org\/web\/wp-json\/wp\/v2\/pages\/3065\/revisions"}],"predecessor-version":[{"id":5393,"href":"https:\/\/fundacionmanosquesuman.org\/web\/wp-json\/wp\/v2\/pages\/3065\/revisions\/5393"}],"wp:attachment":[{"href":"https:\/\/fundacionmanosquesuman.org\/web\/wp-json\/wp\/v2\/media?parent=3065"}],"curies":[{"name":"wp","href":"https:\/\/api.w.org\/{rel}","templated":true}]}}