{"id":4694,"date":"2021-09-24T22:57:53","date_gmt":"2021-09-24T22:57:53","guid":{"rendered":"https:\/\/fundacionmanosquesuman.org\/web\/?page_id=4694"},"modified":"2021-09-29T19:38:26","modified_gmt":"2021-09-29T19:38:26","slug":"donaciones","status":"publish","type":"page","link":"https:\/\/fundacionmanosquesuman.org\/web\/donaciones\/","title":{"rendered":"Donaciones"},"content":{"rendered":"\t\t<div data-elementor-type=\"wp-page\" data-elementor-id=\"4694\" class=\"elementor elementor-4694\">\n\t\t\t\t\t\t\t\t\t<section class=\"elementor-section elementor-top-section elementor-element elementor-element-237edda elementor-section-boxed elementor-section-height-default elementor-section-height-default\" data-id=\"237edda\" data-element_type=\"section\">\n\t\t\t\t\t\t<div class=\"elementor-container elementor-column-gap-default\">\n\t\t\t\t\t<div class=\"elementor-column elementor-col-100 elementor-top-column elementor-element elementor-element-261887e\" data-id=\"261887e\" data-element_type=\"column\">\n\t\t\t<div class=\"elementor-widget-wrap elementor-element-populated\">\n\t\t\t\t\t\t\t\t<div class=\"elementor-element elementor-element-308ece6 elementor-invisible elementor-widget elementor-widget-heading\" data-id=\"308ece6\" data-element_type=\"widget\" data-settings=\"{&quot;_animation&quot;:&quot;slideInDown&quot;}\" data-widget_type=\"heading.default\">\n\t\t\t\t<div class=\"elementor-widget-container\">\n\t\t\t<style>\/*! elementor - v3.12.2 - 23-04-2023 *\/\n.elementor-heading-title{padding:0;margin:0;line-height:1}.elementor-widget-heading .elementor-heading-title[class*=elementor-size-]>a{color:inherit;font-size:inherit;line-height:inherit}.elementor-widget-heading .elementor-heading-title.elementor-size-small{font-size:15px}.elementor-widget-heading .elementor-heading-title.elementor-size-medium{font-size:19px}.elementor-widget-heading .elementor-heading-title.elementor-size-large{font-size:29px}.elementor-widget-heading .elementor-heading-title.elementor-size-xl{font-size:39px}.elementor-widget-heading .elementor-heading-title.elementor-size-xxl{font-size:59px}<\/style><p class=\"elementor-heading-title elementor-size-default\">\u00a1AY\u00daDANOS A SEGUIR IMPULSANDO<br \/> LOS SUE\u00d1OS DE NUESTROS NI\u00d1OS Y J\u00d3VENES!<\/p>\t\t<\/div>\n\t\t\t\t<\/div>\n\t\t\t\t<div class=\"elementor-element elementor-element-7f8a92f elementor-invisible elementor-widget elementor-widget-ova_heading\" data-id=\"7f8a92f\" data-element_type=\"widget\" data-settings=\"{&quot;_animation&quot;:&quot;fadeIn&quot;}\" data-widget_type=\"ova_heading.default\">\n\t\t\t\t<div class=\"elementor-widget-container\">\n\t\t\t\t\t<div class=\"ova-heading\">\n\n\t\t\t\t\t\t\t<h4 class=\"sub_title thrid_font\">\u00a1T\u00fa puedes hacer la diferencia!<\/h4>\n\t\t\t\t\t\t\n\t\t\t\t\t\t\t<h2 class=\"title second_font\">\u00a1Cambia la vida de un ni\u00f1o HOY!<\/h2>\n\t\t\t\n\t\t\t\t\t\t\t<p class=\"desc\">Con tu participaci\u00f3n estas apoyando en la formaci\u00f3n de ni\u00f1os y j\u00f3venes, especialmente aquellos que se encuentran en circunstancias de desventaja para que desarrollen su m\u00e1ximo potencial.<\/p>\n\t\t\t\n\t\t<\/div>\n\t\t\t\t<\/div>\n\t\t\t\t<\/div>\n\t\t\t\t\t<\/div>\n\t\t<\/div>\n\t\t\t\t\t\t\t<\/div>\n\t\t<\/section>\n\t\t\t\t<section class=\"elementor-section elementor-top-section elementor-element elementor-element-e633926 elementor-section-boxed elementor-section-height-default elementor-section-height-default\" data-id=\"e633926\" data-element_type=\"section\" data-settings=\"{&quot;background_background&quot;:&quot;classic&quot;}\">\n\t\t\t\t\t\t<div class=\"elementor-container elementor-column-gap-default\">\n\t\t\t\t\t<div class=\"elementor-column elementor-col-50 elementor-top-column elementor-element elementor-element-2b4f93c elementor-invisible\" data-id=\"2b4f93c\" data-element_type=\"column\" data-settings=\"{&quot;animation&quot;:&quot;fadeInLeft&quot;}\">\n\t\t\t<div class=\"elementor-widget-wrap elementor-element-populated\">\n\t\t\t\t\t\t\t\t<div class=\"elementor-element elementor-element-a93c90c elementor-widget elementor-widget-ova_heading\" data-id=\"a93c90c\" data-element_type=\"widget\" data-widget_type=\"ova_heading.default\">\n\t\t\t\t<div class=\"elementor-widget-container\">\n\t\t\t\t\t<div class=\"ova-heading\">\n\n\t\t\t\t\t\t\t<h4 class=\"sub_title thrid_font\">Donaciones<\/h4>\n\t\t\t\t\t\t\n\t\t\t\t\t\t\t<h2 class=\"title second_font\">Si lo deseas, puedes hacer un dep\u00f3sito en nuestra cuenta bancaria:<\/h2>\n\t\t\t\n\t\t\t\n\t\t<\/div>\n\t\t\t\t<\/div>\n\t\t\t\t<\/div>\n\t\t\t\t<div class=\"elementor-element elementor-element-e0f080c elementor-widget elementor-widget-ova_accordion\" data-id=\"e0f080c\" data-element_type=\"widget\" data-widget_type=\"ova_accordion.default\">\n\t\t\t\t<div class=\"elementor-widget-container\">\n\t\t\t\t\t<div id=\"icon_active\" class=\"fas fa-minus\"><\/div>\n\t\t<div id=\"icon\" class=\"fa-plus fas\"><\/div>\n\t\t\t\t<div class=\"ova-accordion\">\n\n\t\t\t\t\t\t\t<div class=\"accordion-items\" >\n\t\t\t\t\t<div class=\"accordion-header\" >\n\t\t\t\t\t\t<p class=\"accordion-title\">Banco \/ Bank<\/p>\n\n\t\t\t\t\t\t\t\t\t\t\t\t\t<span class=\"fa-plus fas\"><\/span>\n\t\t\t\t\t\t\t\t\t\t\t\t\n\t\t\t\t\t<\/div>\n\t\t\t\t\t<div class=\"accordion-body \">\n\t\t\t\t\t\t<p class=\"accordion-content\">Banbajio<\/p>\n\t\t\t\t\t<\/div>\n\t\t\t\t<\/div>\n\t\t\t\t\t\t\t<div class=\"accordion-items\" >\n\t\t\t\t\t<div class=\"accordion-header\" id=\"acc-active\">\n\t\t\t\t\t\t<p class=\"accordion-title\">A nombre de \/ Account name<\/p>\n\n\t\t\t\t\t\t\t\t\t\t\t\t\t<span class=\"fas fa-minus\"><\/span>\n\t\t\t\t\t\t\t\t\t\t\t\t\n\t\t\t\t\t<\/div>\n\t\t\t\t\t<div class=\"accordion-body active\">\n\t\t\t\t\t\t<p class=\"accordion-content\">Fundaci\u00f3n Manos que Suman A.C.<\/p>\n\t\t\t\t\t<\/div>\n\t\t\t\t<\/div>\n\t\t\t\t\t\t\t<div class=\"accordion-items\" >\n\t\t\t\t\t<div class=\"accordion-header\" >\n\t\t\t\t\t\t<p class=\"accordion-title\">N\u00famero de Cuenta \/ Account number<\/p>\n\n\t\t\t\t\t\t\t\t\t\t\t\t\t<span class=\"fa-plus fas\"><\/span>\n\t\t\t\t\t\t\t\t\t\t\t\t\n\t\t\t\t\t<\/div>\n\t\t\t\t\t<div class=\"accordion-body \">\n\t\t\t\t\t\t<p class=\"accordion-content\">207664160201<\/p>\n\t\t\t\t\t<\/div>\n\t\t\t\t<\/div>\n\t\t\t\t\t\t\t<div class=\"accordion-items\" >\n\t\t\t\t\t<div class=\"accordion-header\" >\n\t\t\t\t\t\t<p class=\"accordion-title\">CLABE INTERBANCARIA \/ IBAN<\/p>\n\n\t\t\t\t\t\t\t\t\t\t\t\t\t<span class=\"fa-plus fas\"><\/span>\n\t\t\t\t\t\t\t\t\t\t\t\t\n\t\t\t\t\t<\/div>\n\t\t\t\t\t<div class=\"accordion-body \">\n\t\t\t\t\t\t<p class=\"accordion-content\">030767900013131984<\/p>\n\t\t\t\t\t<\/div>\n\t\t\t\t<\/div>\n\t\t\t\n\t\t<\/div>\n\n\t\t\t\t<\/div>\n\t\t\t\t<\/div>\n\t\t\t\t\t<\/div>\n\t\t<\/div>\n\t\t\t\t<div class=\"elementor-column elementor-col-50 elementor-top-column elementor-element elementor-element-dbc8652 ova_stretch_column_right\" data-id=\"dbc8652\" data-element_type=\"column\" data-settings=\"{&quot;background_background&quot;:&quot;classic&quot;}\">\n\t\t\t<div class=\"elementor-widget-wrap elementor-element-populated\">\n\t\t\t\t\t\t\t\t<section class=\"elementor-section elementor-inner-section elementor-element elementor-element-f9dc625 elementor-section-boxed elementor-section-height-default elementor-section-height-default elementor-invisible\" data-id=\"f9dc625\" data-element_type=\"section\" data-settings=\"{&quot;animation&quot;:&quot;fadeInRight&quot;}\">\n\t\t\t\t\t\t<div class=\"elementor-container elementor-column-gap-default\">\n\t\t\t\t\t<div class=\"elementor-column elementor-col-100 elementor-inner-column elementor-element elementor-element-e516e8a\" data-id=\"e516e8a\" data-element_type=\"column\">\n\t\t\t<div class=\"elementor-widget-wrap elementor-element-populated\">\n\t\t\t\t\t\t\t\t<div class=\"elementor-element elementor-element-acd7752 elementor-widget elementor-widget-image\" data-id=\"acd7752\" data-element_type=\"widget\" data-widget_type=\"image.default\">\n\t\t\t\t<div class=\"elementor-widget-container\">\n\t\t\t<style>\/*! elementor - v3.12.2 - 23-04-2023 *\/\n.elementor-widget-image{text-align:center}.elementor-widget-image a{display:inline-block}.elementor-widget-image a img[src$=\".svg\"]{width:48px}.elementor-widget-image img{vertical-align:middle;display:inline-block}<\/style>\t\t\t\t\t\t\t\t\t\t\t\t<img decoding=\"async\" width=\"960\" height=\"720\" src=\"https:\/\/fundacionmanosquesuman.org\/web\/wp-content\/uploads\/2021\/02\/21150395_10155290718051281_1840151535974694035_n.jpg\" class=\"attachment-full size-full wp-image-4642\" alt=\"\" loading=\"lazy\" srcset=\"https:\/\/fundacionmanosquesuman.org\/web\/wp-content\/uploads\/2021\/02\/21150395_10155290718051281_1840151535974694035_n.jpg 960w, https:\/\/fundacionmanosquesuman.org\/web\/wp-content\/uploads\/2021\/02\/21150395_10155290718051281_1840151535974694035_n-300x225.jpg 300w, https:\/\/fundacionmanosquesuman.org\/web\/wp-content\/uploads\/2021\/02\/21150395_10155290718051281_1840151535974694035_n-768x576.jpg 768w, https:\/\/fundacionmanosquesuman.org\/web\/wp-content\/uploads\/2021\/02\/21150395_10155290718051281_1840151535974694035_n-600x450.jpg 600w\" sizes=\"(max-width: 960px) 100vw, 960px\" \/>\t\t\t\t\t\t\t\t\t\t\t\t\t\t\t<\/div>\n\t\t\t\t<\/div>\n\t\t\t\t<div class=\"elementor-element elementor-element-7ca0a63 elementor-widget elementor-widget-ova_heading\" data-id=\"7ca0a63\" data-element_type=\"widget\" data-widget_type=\"ova_heading.default\">\n\t\t\t\t<div class=\"elementor-widget-container\">\n\t\t\t\t\t<div class=\"ova-heading\">\n\n\t\t\t\t\t\t\t<h4 class=\"sub_title thrid_font\">\u00bfDESEAS SER VOLUNTARIO\/A?<\/h4>\n\t\t\t\t\t\t\n\t\t\t\n\t\t\t\t\t\t\t<p class=\"desc\">Cont\u00e1ctanos! Ingresar tus datos enseguida!<\/p>\n\t\t\t\n\t\t<\/div>\n\t\t\t\t<\/div>\n\t\t\t\t<\/div>\n\t\t\t\t<div class=\"elementor-element elementor-element-d509227 elementor-widget elementor-widget-ova_button\" data-id=\"d509227\" data-element_type=\"widget\" data-widget_type=\"ova_button.default\">\n\t\t\t\t<div class=\"elementor-widget-container\">\n\t\t\t\t\t<div class=\"ova-btn\">\n\t\t\t\t\t<a href=\"https:\/\/fundacionmanosquesuman.org\/web\/contact\/\" class=\"btn\">\n\t\t\t\t\t\t\n\t\t\t\tEMPIEZA AHORA\n\t\t\t\t\t\t\t<\/a>\n\t\t<\/div>\n\t\t\t\t<\/div>\n\t\t\t\t<\/div>\n\t\t\t\t\t<\/div>\n\t\t<\/div>\n\t\t\t\t\t\t\t<\/div>\n\t\t<\/section>\n\t\t\t\t\t<\/div>\n\t\t<\/div>\n\t\t\t\t\t\t\t<\/div>\n\t\t<\/section>\n\t\t\t\t\t\t\t<\/div>\n\t\t","protected":false},"excerpt":{"rendered":"<p>\u00a1AY\u00daDANOS A SEGUIR IMPULSANDO LOS SUE\u00d1OS DE NUESTROS NI\u00d1OS Y J\u00d3VENES! \u00a1T\u00fa puedes hacer la diferencia! \u00a1Cambia la vida de un ni\u00f1o HOY! Con tu participaci\u00f3n estas apoyando en la formaci\u00f3n de ni\u00f1os y j\u00f3venes, especialmente aquellos que se encuentran en circunstancias de desventaja para que desarrollen su m\u00e1ximo potencial. Donaciones Si lo deseas, puedes [&hellip;]<\/p>\n","protected":false},"author":1,"featured_media":0,"parent":0,"menu_order":0,"comment_status":"closed","ping_status":"closed","template":"elementor_header_footer","meta":[],"_links":{"self":[{"href":"https:\/\/fundacionmanosquesuman.org\/web\/wp-json\/wp\/v2\/pages\/4694"}],"collection":[{"href":"https:\/\/fundacionmanosquesuman.org\/web\/wp-json\/wp\/v2\/pages"}],"about":[{"href":"https:\/\/fundacionmanosquesuman.org\/web\/wp-json\/wp\/v2\/types\/page"}],"author":[{"embeddable":true,"href":"https:\/\/fundacionmanosquesuman.org\/web\/wp-json\/wp\/v2\/users\/1"}],"replies":[{"embeddable":true,"href":"https:\/\/fundacionmanosquesuman.org\/web\/wp-json\/wp\/v2\/comments?post=4694"}],"version-history":[{"count":100,"href":"https:\/\/fundacionmanosquesuman.org\/web\/wp-json\/wp\/v2\/pages\/4694\/revisions"}],"predecessor-version":[{"id":5278,"href":"https:\/\/fundacionmanosquesuman.org\/web\/wp-json\/wp\/v2\/pages\/4694\/revisions\/5278"}],"wp:attachment":[{"href":"https:\/\/fundacionmanosquesuman.org\/web\/wp-json\/wp\/v2\/media?parent=4694"}],"curies":[{"name":"wp","href":"https:\/\/api.w.org\/{rel}","templated":true}]}}